{"id":208,"date":"2021-01-28T21:51:00","date_gmt":"2021-01-28T20:51:00","guid":{"rendered":"http:\/\/severib.cluster030.hosting.ovh.net\/?page_id=208"},"modified":"2025-08-12T10:08:35","modified_gmt":"2025-08-12T08:08:35","slug":"paroles","status":"publish","type":"page","link":"https:\/\/severine-bonnin.com\/index.php\/paroles\/","title":{"rendered":"PAROLES"},"content":{"rendered":"\t\t<div data-elementor-type=\"wp-page\" data-elementor-id=\"208\" class=\"elementor elementor-208\">\n\t\t\t\t\t\t\t\t\t<section class=\"elementor-section elementor-top-section elementor-element elementor-element-998ef12 elementor-section-full_width elementor-section-height-default elementor-section-height-default\" data-id=\"998ef12\" data-element_type=\"section\">\n\t\t\t\t\t\t<div class=\"elementor-container elementor-column-gap-default\">\n\t\t\t\t\t<div class=\"elementor-column elementor-col-50 elementor-top-column elementor-element elementor-element-ad20017\" data-id=\"ad20017\" data-element_type=\"column\">\n\t\t\t<div class=\"elementor-widget-wrap elementor-element-populated\">\n\t\t\t\t\t\t\t\t<div class=\"elementor-element elementor-element-5c046ed elementor-widget elementor-widget-image\" data-id=\"5c046ed\" data-element_type=\"widget\" data-settings=\"{&quot;_animation&quot;:&quot;none&quot;}\" data-widget_type=\"image.default\">\n\t\t\t\t<div class=\"elementor-widget-container\">\n\t\t\t<style>\/*! elementor - v3.16.0 - 20-09-2023 *\/\n.elementor-widget-image{text-align:center}.elementor-widget-image a{display:inline-block}.elementor-widget-image a img[src$=\".svg\"]{width:48px}.elementor-widget-image img{vertical-align:middle;display:inline-block}<\/style>\t\t\t\t\t\t\t\t\t\t\t\t<img loading=\"lazy\" decoding=\"async\" width=\"920\" height=\"920\" src=\"https:\/\/severine-bonnin.com\/wp-content\/uploads\/2023\/08\/Pochette-Album-Flama-de-Libertad-1024x1024.png\" class=\"attachment-large size-large wp-image-1033\" alt=\"\" srcset=\"https:\/\/severine-bonnin.com\/wp-content\/uploads\/2023\/08\/Pochette-Album-Flama-de-Libertad-1024x1024.png 1024w, https:\/\/severine-bonnin.com\/wp-content\/uploads\/2023\/08\/Pochette-Album-Flama-de-Libertad-300x300.png 300w, https:\/\/severine-bonnin.com\/wp-content\/uploads\/2023\/08\/Pochette-Album-Flama-de-Libertad-100x100.png 100w, https:\/\/severine-bonnin.com\/wp-content\/uploads\/2023\/08\/Pochette-Album-Flama-de-Libertad-600x600.png 600w, https:\/\/severine-bonnin.com\/wp-content\/uploads\/2023\/08\/Pochette-Album-Flama-de-Libertad-150x150.png 150w, https:\/\/severine-bonnin.com\/wp-content\/uploads\/2023\/08\/Pochette-Album-Flama-de-Libertad-768x768.png 768w, https:\/\/severine-bonnin.com\/wp-content\/uploads\/2023\/08\/Pochette-Album-Flama-de-Libertad-1536x1536.png 1536w, https:\/\/severine-bonnin.com\/wp-content\/uploads\/2023\/08\/Pochette-Album-Flama-de-Libertad-2048x2048.png 2048w, https:\/\/severine-bonnin.com\/wp-content\/uploads\/2023\/08\/Pochette-Album-Flama-de-Libertad-640x640.png 640w, https:\/\/severine-bonnin.com\/wp-content\/uploads\/2023\/08\/Pochette-Album-Flama-de-Libertad-180x180.png 180w, https:\/\/severine-bonnin.com\/wp-content\/uploads\/2023\/08\/Pochette-Album-Flama-de-Libertad-50x50.png 50w, https:\/\/severine-bonnin.com\/wp-content\/uploads\/2023\/08\/Pochette-Album-Flama-de-Libertad-560x560.png 560w\" sizes=\"auto, (max-width: 920px) 100vw, 920px\" \/>\t\t\t\t\t\t\t\t\t\t\t\t\t\t\t<\/div>\n\t\t\t\t<\/div>\n\t\t\t\t\t<\/div>\n\t\t<\/div>\n\t\t\t\t<div class=\"elementor-column elementor-col-50 elementor-top-column elementor-element elementor-element-ddb7965\" data-id=\"ddb7965\" data-element_type=\"column\">\n\t\t\t<div class=\"elementor-widget-wrap elementor-element-populated\">\n\t\t\t\t\t\t\t\t<div class=\"elementor-element elementor-element-cff8969 elementor-widget elementor-widget-text-editor\" data-id=\"cff8969\" data-element_type=\"widget\" data-widget_type=\"text-editor.default\">\n\t\t\t\t<div class=\"elementor-widget-container\">\n\t\t\t<style>\/*! elementor - v3.16.0 - 20-09-2023 *\/\n.elementor-widget-text-editor.elementor-drop-cap-view-stacked .elementor-drop-cap{background-color:#69727d;color:#fff}.elementor-widget-text-editor.elementor-drop-cap-view-framed .elementor-drop-cap{color:#69727d;border:3px solid;background-color:transparent}.elementor-widget-text-editor:not(.elementor-drop-cap-view-default) .elementor-drop-cap{margin-top:8px}.elementor-widget-text-editor:not(.elementor-drop-cap-view-default) .elementor-drop-cap-letter{width:1em;height:1em}.elementor-widget-text-editor .elementor-drop-cap{float:left;text-align:center;line-height:1;font-size:50px}.elementor-widget-text-editor .elementor-drop-cap-letter{display:inline-block}<\/style>\t\t\t\t<div>\u00a0<\/div>\n<div><a href=\"https:\/\/severine-bonnin.com\/wp-content\/uploads\/2024\/03\/Paroles-Sempre-Mai.pdf\">Sempre mai<\/a><\/div>\n<p><!-- \/wp:html --><!-- wp:html --><\/p>\n<div style=\"text-align: left;\"><a href=\"https:\/\/severine-bonnin.com\/wp-content\/uploads\/2024\/03\/Paroles-Papiers.pdf\">Papi\u00e8rs<\/a><\/div>\n<p><!-- \/wp:html --><!-- wp:html --><\/p>\n<div><a href=\"https:\/\/severine-bonnin.com\/wp-content\/uploads\/2024\/03\/Paroles-Cancon-dexili.pdf\">Can\u00e7on d&#8217;exili<\/a><\/div>\n<p><!-- \/wp:html --><!-- wp:html --><\/p>\n<div><a href=\"https:\/\/severine-bonnin.com\/wp-content\/uploads\/2024\/03\/Paroles-Fuoc-en-Gabia.pdf\">Fu\u00f2c en gabia<\/a><\/div>\n<p><!-- \/wp:html --><!-- wp:html --><\/p>\n<div><a href=\"https:\/\/severine-bonnin.com\/wp-content\/uploads\/2025\/08\/Paroles-Sabor-del-vent.pdf\">Sabor del vent<\/a><\/div>\n<div>\u00a0<\/div>\n<div><a href=\"https:\/\/severine-bonnin.com\/wp-content\/uploads\/2024\/03\/Paroles-Leona.pdf\">Leona<\/a><\/div>\n<p><!-- \/wp:spacer --><\/p>\t\t\t\t\t\t<\/div>\n\t\t\t\t<\/div>\n\t\t\t\t\t<\/div>\n\t\t<\/div>\n\t\t\t\t\t\t\t<\/div>\n\t\t<\/section>\n\t\t\t\t<section class=\"elementor-section elementor-top-section elementor-element elementor-element-e0ba8c8 elementor-section-full_width elementor-section-height-default elementor-section-height-default\" data-id=\"e0ba8c8\" data-element_type=\"section\">\n\t\t\t\t\t\t<div class=\"elementor-container elementor-column-gap-default\">\n\t\t\t\t\t<div class=\"elementor-column elementor-col-50 elementor-top-column elementor-element elementor-element-789c6f4\" data-id=\"789c6f4\" data-element_type=\"column\">\n\t\t\t<div class=\"elementor-widget-wrap elementor-element-populated\">\n\t\t\t\t\t\t\t\t<div class=\"elementor-element elementor-element-ab52fc6 elementor-widget elementor-widget-image\" data-id=\"ab52fc6\" data-element_type=\"widget\" data-settings=\"{&quot;_animation&quot;:&quot;none&quot;}\" data-widget_type=\"image.default\">\n\t\t\t\t<div class=\"elementor-widget-container\">\n\t\t\t\t\t\t\t\t\t\t\t\t\t\t\t<img loading=\"lazy\" decoding=\"async\" width=\"920\" height=\"920\" src=\"https:\/\/severine-bonnin.com\/wp-content\/uploads\/2022\/07\/IMG_0617-1024x1024.png\" class=\"attachment-large size-large wp-image-379\" alt=\"\" srcset=\"https:\/\/severine-bonnin.com\/wp-content\/uploads\/2022\/07\/IMG_0617-1024x1024.png 1024w, https:\/\/severine-bonnin.com\/wp-content\/uploads\/2022\/07\/IMG_0617-300x300.png 300w, https:\/\/severine-bonnin.com\/wp-content\/uploads\/2022\/07\/IMG_0617-100x100.png 100w, https:\/\/severine-bonnin.com\/wp-content\/uploads\/2022\/07\/IMG_0617-600x600.png 600w, https:\/\/severine-bonnin.com\/wp-content\/uploads\/2022\/07\/IMG_0617-150x150.png 150w, https:\/\/severine-bonnin.com\/wp-content\/uploads\/2022\/07\/IMG_0617-768x768.png 768w, https:\/\/severine-bonnin.com\/wp-content\/uploads\/2022\/07\/IMG_0617-640x640.png 640w, https:\/\/severine-bonnin.com\/wp-content\/uploads\/2022\/07\/IMG_0617-50x50.png 50w, https:\/\/severine-bonnin.com\/wp-content\/uploads\/2022\/07\/IMG_0617-560x560.png 560w, https:\/\/severine-bonnin.com\/wp-content\/uploads\/2022\/07\/IMG_0617.png 1400w\" sizes=\"auto, (max-width: 920px) 100vw, 920px\" \/>\t\t\t\t\t\t\t\t\t\t\t\t\t\t\t<\/div>\n\t\t\t\t<\/div>\n\t\t\t\t\t<\/div>\n\t\t<\/div>\n\t\t\t\t<div class=\"elementor-column elementor-col-50 elementor-top-column elementor-element elementor-element-cc71fc3\" data-id=\"cc71fc3\" data-element_type=\"column\">\n\t\t\t<div class=\"elementor-widget-wrap elementor-element-populated\">\n\t\t\t\t\t\t\t\t<div class=\"elementor-element elementor-element-84d127c elementor-widget elementor-widget-text-editor\" data-id=\"84d127c\" data-element_type=\"widget\" data-widget_type=\"text-editor.default\">\n\t\t\t\t<div class=\"elementor-widget-container\">\n\t\t\t\t\t\t\t<div class=\"wp-block-file\"><a href=\"https:\/\/severine-bonnin.com\/wp-content\/uploads\/2021\/04\/VENIR_TU.pdf\">Venir Tu<\/a><\/div>\n<p><!-- \/wp:html --><!-- wp:html --><\/p>\n<div class=\"wp-block-file\"><a href=\"https:\/\/severine-bonnin.com\/wp-content\/uploads\/2021\/04\/IMPAR.pdf\">Impar<\/a><\/div>\n<p><!-- \/wp:html --><!-- wp:html --><\/p>\n<div class=\"wp-block-file\"><a href=\"https:\/\/severine-bonnin.com\/wp-content\/uploads\/2023\/03\/OMNICIDI.pdf\">Omnicidi<\/a><\/div>\n<p><!-- \/wp:html --><!-- wp:html --><\/p>\n<div class=\"wp-block-file\"><a href=\"https:\/\/severine-bonnin.com\/wp-content\/uploads\/2021\/04\/UnaNotaDeTu.pdf\">Una Nota De Tu<\/a><\/div>\n<p><!-- \/wp:html --><!-- wp:html --><\/p>\n<div class=\"wp-block-file\"><a href=\"https:\/\/severine-bonnin.com\/wp-content\/uploads\/2021\/04\/CATARSIS.pdf\">Catarsis<\/a><\/div>\n<p><!-- \/wp:spacer --><\/p>\t\t\t\t\t\t<\/div>\n\t\t\t\t<\/div>\n\t\t\t\t\t<\/div>\n\t\t<\/div>\n\t\t\t\t\t\t\t<\/div>\n\t\t<\/section>\n\t\t\t\t\t\t\t<\/div>\n\t\t","protected":false},"excerpt":{"rendered":"<p>\u00a0 Sempre mai Papi\u00e8rs Can\u00e7on d&#8217;exili Fu\u00f2c en gabia Sabor del vent \u00a0 Leona Venir Tu Impar Omnicidi Una Nota De Tu Catarsis<\/p>\n","protected":false},"author":1,"featured_media":0,"parent":0,"menu_order":0,"comment_status":"closed","ping_status":"closed","template":"","meta":{"footnotes":""},"class_list":["post-208","page","type-page","status-publish","hentry"],"_links":{"self":[{"href":"https:\/\/severine-bonnin.com\/index.php\/wp-json\/wp\/v2\/pages\/208","targetHints":{"allow":["GET"]}}],"collection":[{"href":"https:\/\/severine-bonnin.com\/index.php\/wp-json\/wp\/v2\/pages"}],"about":[{"href":"https:\/\/severine-bonnin.com\/index.php\/wp-json\/wp\/v2\/types\/page"}],"author":[{"embeddable":true,"href":"https:\/\/severine-bonnin.com\/index.php\/wp-json\/wp\/v2\/users\/1"}],"replies":[{"embeddable":true,"href":"https:\/\/severine-bonnin.com\/index.php\/wp-json\/wp\/v2\/comments?post=208"}],"version-history":[{"count":100,"href":"https:\/\/severine-bonnin.com\/index.php\/wp-json\/wp\/v2\/pages\/208\/revisions"}],"predecessor-version":[{"id":1670,"href":"https:\/\/severine-bonnin.com\/index.php\/wp-json\/wp\/v2\/pages\/208\/revisions\/1670"}],"wp:attachment":[{"href":"https:\/\/severine-bonnin.com\/index.php\/wp-json\/wp\/v2\/media?parent=208"}],"curies":[{"name":"wp","href":"https:\/\/api.w.org\/{rel}","templated":true}]}}